{"id":2,"date":"2012-03-25T13:54:36","date_gmt":"2012-03-25T11:54:36","guid":{"rendered":"http:\/\/larzzon.net\/?page_id=2"},"modified":"2012-04-18T19:25:14","modified_gmt":"2012-04-18T17:25:14","slug":"sample-page","status":"publish","type":"page","link":"https:\/\/larzzon.net\/?page_id=2","title":{"rendered":"Jag"},"content":{"rendered":"<p><span style=\"font-size: small;\">Linn Larsson heter jag.<br \/>\n<\/span><span style=\"font-size: small;\">Jag g\u00e5r sista \u00e5ret i gymnasiet p\u00e5 St.Mikaelsskolans samh\u00e4llsprogram. Intresserad b\u00e5de av mode och media. G\u00e4rna i kombination. \u00c4r en riktigt stor konsument av bloggar, n\u00e4stintill beroende. <\/span><\/p>\n<p><span style=\"font-size: small;\">Annars brinner mitt hj\u00e4rta f\u00f6r fotboll. \u00c4r tr\u00e4nare till ett g\u00e4ng sm\u00e5tjejer vilket tar upp mycket av min tid.<br \/>\nN\u00e4r jag inte f\u00e5r dom att r\u00f6ra p\u00e5 sig s\u00e5 tr\u00e4nar jag g\u00e4rna sj\u00e4lv. Grupptr\u00e4ning och gym \u00e4r det som g\u00e4ller. Ibland en sl\u00e4ng av innebandy. <\/span><\/p>\n<p><span style=\"font-size: small;\">Till h\u00f6sten efter den efterl\u00e4ngtade studenten kommer jag l\u00e4sa vidare. Utbildningarna jag s\u00f6kt har ledord som kommunikation, pr , media och journalistik.<div id='gallery-1' class='gallery galleryid-2 gallery-columns-3 gallery-size-thumbnail'><dl class='gallery-item'>\n\t\t\t<dt class='gallery-icon portrait'>\n\t\t\t\t<a href='https:\/\/larzzon.net\/?attachment_id=66'><img width=\"150\" height=\"150\" src=\"https:\/\/larzzon.net\/wp-content\/uploads\/2012\/03\/iphonie-690-150x150.jpg\" class=\"attachment-thumbnail size-thumbnail\" alt=\"\" loading=\"lazy\" \/><\/a>\n\t\t\t<\/dt><\/dl>\n\t\t\t<br style='clear: both' \/>\n\t\t<\/div>\n<\/p>\n<p><\/span><\/p>\n<p>&nbsp;<\/p>\n","protected":false},"excerpt":{"rendered":"<p>Linn Larsson heter jag. Jag g\u00e5r sista \u00e5ret i gymnasiet p\u00e5 St.Mikaelsskolans samh\u00e4llsprogram. Intresserad b\u00e5de av mode och media. G\u00e4rna i kombination. \u00c4r en riktigt stor konsument av bloggar, n\u00e4stintill beroende. Annars brinner mitt hj\u00e4rta f\u00f6r fotboll. \u00c4r tr\u00e4nare till &hellip; <a href=\"https:\/\/larzzon.net\/?page_id=2\">Continue reading <span class=\"meta-nav\">&rarr;<\/span><\/a><\/p>\n","protected":false},"author":1,"featured_media":0,"parent":0,"menu_order":0,"comment_status":"open","ping_status":"closed","template":"","meta":[],"_links":{"self":[{"href":"https:\/\/larzzon.net\/index.php?rest_route=\/wp\/v2\/pages\/2"}],"collection":[{"href":"https:\/\/larzzon.net\/index.php?rest_route=\/wp\/v2\/pages"}],"about":[{"href":"https:\/\/larzzon.net\/index.php?rest_route=\/wp\/v2\/types\/page"}],"author":[{"embeddable":true,"href":"https:\/\/larzzon.net\/index.php?rest_route=\/wp\/v2\/users\/1"}],"replies":[{"embeddable":true,"href":"https:\/\/larzzon.net\/index.php?rest_route=%2Fwp%2Fv2%2Fcomments&post=2"}],"version-history":[{"count":9,"href":"https:\/\/larzzon.net\/index.php?rest_route=\/wp\/v2\/pages\/2\/revisions"}],"predecessor-version":[{"id":4,"href":"https:\/\/larzzon.net\/index.php?rest_route=\/wp\/v2\/pages\/2\/revisions\/4"}],"wp:attachment":[{"href":"https:\/\/larzzon.net\/index.php?rest_route=%2Fwp%2Fv2%2Fmedia&parent=2"}],"curies":[{"name":"wp","href":"https:\/\/api.w.org\/{rel}","templated":true}]}}