{"id":22,"date":"2012-04-17T18:20:41","date_gmt":"2012-04-17T16:20:41","guid":{"rendered":"http:\/\/larzzon.net\/?page_id=22"},"modified":"2012-05-10T22:12:54","modified_gmt":"2012-05-10T20:12:54","slug":"text-1","status":"publish","type":"page","link":"https:\/\/larzzon.net\/?page_id=22","title":{"rendered":"Kr\u00f6nika &#8221; Det m\u00e4nskliga bakom en dagens outfit&#8221;"},"content":{"rendered":"<p>Har kl\u00e4d\u00e5ngest dagen innan. River ut min garderob.<br \/>\nGr\u00e5ter en skv\u00e4tt. Inte bara kl\u00e4d\u00e5ngest tr\u00e4nger fram l\u00e4ngs t\u00e5rarna. Utan prestations\u00e5ngesten ocks\u00e5.<\/p>\n<p>K\u00e4nner mig ful. Och nej, det \u00e4r ingenting konstigt med det. Jag \u00e4r en ton\u00e5rstjej. 18 bast, jordsnurr, \u00e5r. Det \u00e4r normalt. Precis som de bloggare jag tr\u00e4ffat \u00e4r jag <strong>ung<\/strong>. Inte helt f\u00e4rdigblommad eller f\u00e4rdigv\u00e4xt. Och varje dag \u00e4r inte en bra dag.\u00a0 En dag full av fl\u00e4rd, d\u00e4r sminket sitter kvar, folk ber\u00f6mmer dig och du har valt den perfekta outfiten.<\/p>\n<p>Jag tr\u00e4ffar Joanna, Elin och Vendela. \u00a0De \u00e4r bloggare.<\/p>\n<p>Elin ber\u00e4ttar f\u00f6r mig om dagar d\u00e4r man inte alls vill ta en bild p\u00e5 sig sj\u00e4lv. Och s\u00e4rskilt inte posta ut den p\u00e5 internet, d\u00e4r hundratals l\u00e4sare ser den. De alla n\u00e4mner faktiskt detta fenomen som kallas \u201d dagens outfit\u201d. En bild d\u00e4r man poserar och visar upp sina kl\u00e4der man b\u00e4r f\u00f6r dagen. De alla tre vill sj\u00e4lvklart se s\u00e5 bra ut som m\u00f6jligt p\u00e5 bilden. Om du har en d\u00e5lig dag, \u00e4r det inte det roligaste som finns att visa upp sig.<\/p>\n<p>Och man f\u00e5r inte gl\u00f6mma bort det som l\u00e4sare. F\u00f6r en bloggare \u00e4r ingen k\u00e4ndis som man inte kan \u201dn\u00e5\u201d. En bloggare \u00e4r en person precis som du. Sittandes vid sitt tangentbord. Printar ner k\u00e4nslor och ord. Nu menar jag inte att k\u00e4ndisar \u00e4r om\u00e4nskliga, men de \u00e4r sv\u00e5rare att n\u00e5. En bloggare \u00e4r n\u00e4rmre. Enda skillnaden mellan oss och dem \u00e4r att ist\u00e4llet f\u00f6r att st\u00e5 framf\u00f6r spegeln och syna sig, st\u00e5r de i rampljuset inf\u00f6r hundratals m\u00e4nniskor varje dag exempelvis i en dagens outfit.<\/p>\n<p>De \u00e4r inte bara synandes som g\u00f6rs, utan\u00a0kritik\u00a0utf\u00f6rs ocks\u00e5. Uttrycket \u201df\u00e5r man h\u00f6ra hundra bra saker, och en d\u00e5lig, \u00e4r det den d\u00e5liga som man minns\u201d. \u00a0Det uttrycket g\u00e5r ocks\u00e5 igen under mina intervjuer.<\/p>\n<p>De \u00e4r unga tjejer, som vilka som helst av oss. Jag tror tyv\u00e4rr samh\u00e4llet och m\u00e5nga av oss som l\u00e4ser deras bloggar satt dem p\u00e5 en piedestal d\u00e4r vi vill att de skall vara perfekta och allt som s\u00e4gs om dem ska rinna av. Det \u00e4r fel.<\/p>\n<p>Jag t\u00e4nker inte utf\u00f6ra en moralpredikan men jag \u00f6nskar att alla kunde se den m\u00e4nskliga personen bakom en dagens outfit<\/p>\n<p>Linn Larsson<\/p>\n<p>&nbsp;<\/p>\n<p>&nbsp;<\/p>\n","protected":false},"excerpt":{"rendered":"<p>Har kl\u00e4d\u00e5ngest dagen innan. River ut min garderob. Gr\u00e5ter en skv\u00e4tt. Inte bara kl\u00e4d\u00e5ngest tr\u00e4nger fram l\u00e4ngs t\u00e5rarna. Utan prestations\u00e5ngesten ocks\u00e5. K\u00e4nner mig ful. Och nej, det \u00e4r ingenting konstigt med det. Jag \u00e4r en ton\u00e5rstjej. 18 bast, jordsnurr, \u00e5r. &hellip; <a href=\"https:\/\/larzzon.net\/?page_id=22\">Continue reading <span class=\"meta-nav\">&rarr;<\/span><\/a><\/p>\n","protected":false},"author":1,"featured_media":0,"parent":20,"menu_order":0,"comment_status":"closed","ping_status":"closed","template":"","meta":[],"_links":{"self":[{"href":"https:\/\/larzzon.net\/index.php?rest_route=\/wp\/v2\/pages\/22"}],"collection":[{"href":"https:\/\/larzzon.net\/index.php?rest_route=\/wp\/v2\/pages"}],"about":[{"href":"https:\/\/larzzon.net\/index.php?rest_route=\/wp\/v2\/types\/page"}],"author":[{"embeddable":true,"href":"https:\/\/larzzon.net\/index.php?rest_route=\/wp\/v2\/users\/1"}],"replies":[{"embeddable":true,"href":"https:\/\/larzzon.net\/index.php?rest_route=%2Fwp%2Fv2%2Fcomments&post=22"}],"version-history":[{"count":7,"href":"https:\/\/larzzon.net\/index.php?rest_route=\/wp\/v2\/pages\/22\/revisions"}],"predecessor-version":[{"id":133,"href":"https:\/\/larzzon.net\/index.php?rest_route=\/wp\/v2\/pages\/22\/revisions\/133"}],"up":[{"embeddable":true,"href":"https:\/\/larzzon.net\/index.php?rest_route=\/wp\/v2\/pages\/20"}],"wp:attachment":[{"href":"https:\/\/larzzon.net\/index.php?rest_route=%2Fwp%2Fv2%2Fmedia&parent=22"}],"curies":[{"name":"wp","href":"https:\/\/api.w.org\/{rel}","templated":true}]}}