{"id":31,"date":"2012-04-17T18:48:32","date_gmt":"2012-04-17T16:48:32","guid":{"rendered":"http:\/\/larzzon.net\/?page_id=31"},"modified":"2012-05-10T22:21:55","modified_gmt":"2012-05-10T20:21:55","slug":"galleri-1","status":"publish","type":"page","link":"https:\/\/larzzon.net\/?page_id=31","title":{"rendered":"Galleri"},"content":{"rendered":"<span class=\"wp-easy-gallery\"><a onclick=\"var images=['http:\/\/larzzon.net\/wp-content\/uploads\/2012\/05\/Examensarbete-17.jpg', 'http:\/\/larzzon.net\/wp-content\/uploads\/2012\/05\/Examensarbete-11.jpg', 'http:\/\/larzzon.net\/wp-content\/uploads\/2012\/05\/Examensarbete-21.jpg', 'http:\/\/larzzon.net\/wp-content\/uploads\/2012\/05\/Examensarbete-19.jpg', 'http:\/\/larzzon.net\/wp-content\/uploads\/2012\/05\/IMG_8017.jpg']; var titles=['Elin \u00d6stman', 'Joanna Fingal ', 'Vendela Tressfeldt ', 'Linn & Elin \u00d6stman', 'Mathilda Fingal']; var descriptions=['Elin \u00d6stman', 'Joanna Fingal ', 'Vendela Tressfeldt ', 'Linn & Elin \u00d6stman ', 'Mathilda Fingal ']; jQuery.prettyPhoto.open(images,titles,descriptions);\" title=\"Galleri\" style=\"cursor: pointer;\"><img class=\"dShadow trans\" src=\"http:\/\/larzzon.net\/wp-content\/uploads\/2012\/05\/Examensarbete-2-150x150.jpg\" width='150' height='150' border=\"0\" alt=\"Galleri\" \/><span class=\"wpeg-gallery-name left\">Galleri<\/span><\/a><\/span>\n<p>&nbsp;<\/p>\n","protected":false},"excerpt":{"rendered":"<p>&nbsp;<\/p>\n","protected":false},"author":1,"featured_media":0,"parent":25,"menu_order":2,"comment_status":"closed","ping_status":"closed","template":"","meta":[],"_links":{"self":[{"href":"https:\/\/larzzon.net\/index.php?rest_route=\/wp\/v2\/pages\/31"}],"collection":[{"href":"https:\/\/larzzon.net\/index.php?rest_route=\/wp\/v2\/pages"}],"about":[{"href":"https:\/\/larzzon.net\/index.php?rest_route=\/wp\/v2\/types\/page"}],"author":[{"embeddable":true,"href":"https:\/\/larzzon.net\/index.php?rest_route=\/wp\/v2\/users\/1"}],"replies":[{"embeddable":true,"href":"https:\/\/larzzon.net\/index.php?rest_route=%2Fwp%2Fv2%2Fcomments&post=31"}],"version-history":[{"count":10,"href":"https:\/\/larzzon.net\/index.php?rest_route=\/wp\/v2\/pages\/31\/revisions"}],"predecessor-version":[{"id":135,"href":"https:\/\/larzzon.net\/index.php?rest_route=\/wp\/v2\/pages\/31\/revisions\/135"}],"up":[{"embeddable":true,"href":"https:\/\/larzzon.net\/index.php?rest_route=\/wp\/v2\/pages\/25"}],"wp:attachment":[{"href":"https:\/\/larzzon.net\/index.php?rest_route=%2Fwp%2Fv2%2Fmedia&parent=31"}],"curies":[{"name":"wp","href":"https:\/\/api.w.org\/{rel}","templated":true}]}}