{"id":35,"date":"2012-04-17T21:51:31","date_gmt":"2012-04-17T19:51:31","guid":{"rendered":"http:\/\/larzzon.net\/?page_id=35"},"modified":"2012-05-09T22:05:14","modified_gmt":"2012-05-09T20:05:14","slug":"elin","status":"publish","type":"page","link":"https:\/\/larzzon.net\/?page_id=35","title":{"rendered":"Elin \u00d6stman"},"content":{"rendered":"<p>En f\u00f6rebild f\u00f6r mig. En blogg som ligger p\u00e5 min bokm\u00e4rkes rad. F\u00f6re detta Dollyblond, nuvarande Elin \u00d6stman \u2013 Moderedakt\u00f6r p\u00e5 Devote.se. Vi m\u00f6ts precis som jag och Joanna p\u00e5 Le caf\u00e9 i Sturegallerian. Denna g\u00e5ng n\u00f6jer jag mig med en smoothies och det g\u00f6r ocks\u00e5 Elin.<\/p>\n<p>Elin \u00e4r nu 22 \u00e5r. N\u00e4r hon f\u00f6rst startade som Dollyblond var hon 18 \u00e5r och hade \u00e5ldersnoja. Bloggar var just d\u00e5 p\u00e5 v\u00e4g upp\u00e5t och hon hoppade p\u00e5 v\u00e5gen. D\u00e5 skrev hon mycket vardagen, idag n\u00e4stan bara om mode.\u00a0Elin p\u00e5pekar att l\u00e4sarna alltid varit en del av hennes bloggande.<\/p>\n<p>Det \u00e4r bloggen som har tagit henne till dit hon \u00e4r idag. Och hon tror att vad som \u00e4n h\u00e4nder i hennes karri\u00e4r s\u00e5 kommer bloggen f\u00e5 f\u00f6lja med, kanske kommer bloggen inte vara huvudmenyn p\u00e5 restaurangen men den kommer alltid finnas\u00a0med.<\/p>\n<p>Bloggen ger mycket bekr\u00e4ftelse och att blogga \u00e4r \u00f6verv\u00e4gande positivt. Den har gett henne sitt jobb, \u201dJ<em>ag f\u00e5r jobba med min hobby och alla mina intressen<\/em>\u201d s\u00e4ger Elin. Det finns ocks\u00e5 en baksida av bloggandet.<\/p>\n<p>\u201d<em>Dom dagar man inte trivs med sig sj\u00e4lv \u00e4r sv\u00e5ra, och man vill inte ge bloggl\u00e4sarna fel bild av en sj\u00e4lv. Man vill inte f\u00e5 dem att tro att jag skulle vara s\u00e5 mycket b\u00e4ttre \u00e4n dem, det \u00e4r jag inte<\/em>\u201d<br \/>\nElin s\u00e4tter sig inte upp p\u00e5 n\u00e5gon piedestal och ber\u00e4ttar f\u00f6r mig att hon ofta st\u00e4ller upp p\u00e5 intervjuer och liknande saker, precis som mitt projektarbete.<\/p>\n<p>I sin blogg f\u00f6rs\u00f6ker Elin \u201dt\u00e4nka tidning\u201d som hon uttrycker sig. Hon vill att hennes inl\u00e4gg lika g\u00e4rna skulle kunna vara med i en tidning. Tidningen \u00e4r ju bloggens moder. S\u00e5klart vill Elin \u00e4ven ge andra inspiration. Men man m\u00e5ste ocks\u00e5 ha ett budskap man kan st\u00e5 f\u00f6r!<\/p>\n<p>Det g\u00e4ller att f\u00f6rst\u00e5 vad man sj\u00e4lv vill ha ut av sitt bloggande. F\u00f6r det \u00e4r sv\u00e5rt att hitta den perfekta balansen av allt. Hur mycket man ska dela med sig av sitt privatliv och s\u00e5dant, s\u00e4ger hon. Man m\u00e5ste f\u00f6rst\u00e5 att det finns en v\u00e4rld utanf\u00f6r bloggen\u00a0och i den v\u00e4rlden m\u00e5ste man ocks\u00e5 leva. De sv\u00e5raste att hantera tycker Elin \u00e4r n\u00e4r l\u00e4sarna\u00a0kommenterar p\u00e5 hennes blogg att hon \u00e4r smal. Det blir jobbigt, f\u00f6r det \u00e4r inte s\u00e5 att jag st\u00e5r f\u00f6r n\u00e5gon vikt hets \u00f6verhuvudtaget s\u00e4ger Elin. Jag \u00e4r f\u00f6dd smal, s\u00e5 \u00e4r det bara. Det\u00a0\u00e4r ingenting jag styr eller f\u00f6rs\u00f6ker provocera fram.<\/p>\n<p>Jag fr\u00e5gor om reklampelarrollen och erbjudanden. Man f\u00e5r mycket erbjudanden. Elin har bland annat designat en t-shirt och blivit erbjuden att jobba inom webb TV.\u00a0 Hon s\u00e4ger att eftersom hon l\u00e4ser andras bloggar ocks\u00e5, blir hon p\u00e5verkad och inspirerad av dem. Samtidigt som hon \u00e4r \u00a0avs\u00e4ndare sj\u00e4lv och inspirerar andra. Elin f\u00f6rklarar att \u201d<em>l\u00e4sare vill ha de jag \u00e4r och hur jag \u00e4r, det \u00e4r ju d\u00e4rf\u00f6r de just l\u00e4ser min blogg\u201d. <\/em>Hon ger exempel p\u00e5 hur stort inflytande bloggare\u00a0har. F\u00f6rra \u00e5ret tillverkade\u00a0Elin egna\u00a0handsmycken, som sedan fr\u00e5n ingenstans b\u00f6rjade s\u00e4ljas \u00f6verallt. Hon skrattar till lite, och s\u00e4ger att egentligen var det knappt snyggt.<\/p>\n<p>Vi talar\u00a0om att bloggare tar \u00f6ver k\u00e4ndisskapet. F\u00f6r bloggare blir n\u00e4rmare sin l\u00e4sare och\u00a0 man kan f\u00f6lja dem p\u00e5 ett l\u00e4ttare s\u00e4tt.<\/p>\n<p>Vi kommer d\u00e5 in p\u00e5 Twitter och andra sociala medier. Elin ger en ny vinkel p\u00e5 hur hon ser p\u00e5 framtiden av de sociala medierna. Hon tycker att Twitter och Instagram tar bort mycket av charmen, det blir inte s\u00e4rskilt genomt\u00e4nkt. Elin och hennes journalisthj\u00e4rta vill se b\u00e4ttre kvalit\u00e9 och se bloggare som hela tiden vill utvecklas och g\u00f6r s\u00e5 att kvalit\u00e9n \u00f6kar. Inte bara dra iv\u00e4g en bild p\u00e5 Instagram, \u00e4ven om det ocks\u00e5 kan vara\u00a0kul ibland. Men hon sj\u00e4lv l\u00e4gger ner stor vikt p\u00e5 sin text. \u00c4ven om det oftast bara \u00e4r en kortare text vill hon att den ska vara s\u00e5 bra och korrekt som m\u00f6jligt, g\u00e4rna lite rolig och underh\u00e5llande.<\/p>\n<p>H\u00e4r kommer ett litet smakprov p\u00e5 hur det kan se ut i Elins blogg:<br \/>\n<strong><em>(En bild p\u00e5 ett par silverbyxor)<br \/>\n14.08 H &amp; M.<\/em><\/strong><em> La undan utan att prova. Hoppas de sitter! Imorgon<br \/>\n\u00e4r det is\u00e5 fall nya silverf\u00e4rgade hyresg\u00e4ster i kvarter ytterl\u00e5r.<\/em><\/p>\n<p>I framtiden tror Elin ocks\u00e5 p\u00e5 det nya projektet p\u00e5 Devote.se \u201dFashionCorner\u201d. En del av deras hemsida best\u00e5r av\u00a0inl\u00e4gg fr\u00e5n frilansande\u00a0bloggare inom\u00a0mode och sk\u00f6nhet.\u00a0D\u00e4r blandas kollage med tips p\u00e5 t ex hur man b\u00e4st matchar en vanlig t-shirt. Chict och lite som Elins \u00f6nskan, likt en tidningssida.<\/p>\n<p>Tiden b\u00f6rja rinna ut och med smoothies som tagit slut f\u00f6r l\u00e4nge sedan l\u00e4mnar vi Le caf\u00e9. Jag och Elin s\u00e4ger hejd\u00e5. Hon vidare p\u00e5 jobb och jag vidare p\u00e5 jakt efter balkl\u00e4nning.<\/p>\n","protected":false},"excerpt":{"rendered":"<p>En f\u00f6rebild f\u00f6r mig. En blogg som ligger p\u00e5 min bokm\u00e4rkes rad. F\u00f6re detta Dollyblond, nuvarande Elin \u00d6stman \u2013 Moderedakt\u00f6r p\u00e5 Devote.se. Vi m\u00f6ts precis som jag och Joanna p\u00e5 Le caf\u00e9 i Sturegallerian. Denna g\u00e5ng n\u00f6jer jag mig med &hellip; <a href=\"https:\/\/larzzon.net\/?page_id=35\">Continue reading <span class=\"meta-nav\">&rarr;<\/span><\/a><\/p>\n","protected":false},"author":1,"featured_media":0,"parent":14,"menu_order":0,"comment_status":"closed","ping_status":"closed","template":"","meta":[],"_links":{"self":[{"href":"https:\/\/larzzon.net\/index.php?rest_route=\/wp\/v2\/pages\/35"}],"collection":[{"href":"https:\/\/larzzon.net\/index.php?rest_route=\/wp\/v2\/pages"}],"about":[{"href":"https:\/\/larzzon.net\/index.php?rest_route=\/wp\/v2\/types\/page"}],"author":[{"embeddable":true,"href":"https:\/\/larzzon.net\/index.php?rest_route=\/wp\/v2\/users\/1"}],"replies":[{"embeddable":true,"href":"https:\/\/larzzon.net\/index.php?rest_route=%2Fwp%2Fv2%2Fcomments&post=35"}],"version-history":[{"count":8,"href":"https:\/\/larzzon.net\/index.php?rest_route=\/wp\/v2\/pages\/35\/revisions"}],"predecessor-version":[{"id":38,"href":"https:\/\/larzzon.net\/index.php?rest_route=\/wp\/v2\/pages\/35\/revisions\/38"}],"up":[{"embeddable":true,"href":"https:\/\/larzzon.net\/index.php?rest_route=\/wp\/v2\/pages\/14"}],"wp:attachment":[{"href":"https:\/\/larzzon.net\/index.php?rest_route=%2Fwp%2Fv2%2Fmedia&parent=35"}],"curies":[{"name":"wp","href":"https:\/\/api.w.org\/{rel}","templated":true}]}}