{"id":41,"date":"2012-04-17T21:55:28","date_gmt":"2012-04-17T19:55:28","guid":{"rendered":"http:\/\/larzzon.net\/?page_id=41"},"modified":"2012-05-09T21:20:35","modified_gmt":"2012-05-09T19:20:35","slug":"joanna","status":"publish","type":"page","link":"https:\/\/larzzon.net\/?page_id=41","title":{"rendered":"Joanna Fingal"},"content":{"rendered":"<p>M\u00f6ter Joanna kl. 12 p\u00e5 fredagen, Sturegallerian, Le Caf\u00e9. Vi k\u00e4kar lunch, jag bjuder.<\/p>\n<p>P\u00e5 bordet d\u00e4r vi best\u00e4mmer oss f\u00f6r att sitta, st\u00e4ller vi ner en varsin sallad och Loka.<\/p>\n<p>Joanna har en liten annan relation till varf\u00f6r hon b\u00f6rjade blogga \u00e4n de andra personerna jag intervjuat. M\u00e5nga g\u00f6r \u201dkarri\u00e4r\u201d genom att b\u00f6rja blogga, medan Joanna redan startat sin karri\u00e4r innan hon b\u00f6rjade blogga. Via programmet Stylisterna som s\u00e4nts p\u00e5 Kanal 5s play kanal. Bloggen skapades i f\u00f6retagssyfte f\u00f6r att lyfta fram henne. Samtidigt har Joannas syster Mathilda ocks\u00e5 en stor blogg, s\u00e5 att skapa en blogg kom ganska naturligt.<\/p>\n<p>S\u00e5 gjorde \u00e4ven l\u00e4sarna. Joanna har runt 2000 l\u00e4sare per dag. Det \u00e4r roligt s\u00e4ger hon. Men ocks\u00e5 en hel del press. Man vill g\u00e4rna posta s\u00e5 m\u00e5nga inl\u00e4gg som m\u00f6jligt per dag. Det \u00e4r ingen blogg d\u00e4r hon skriver ut sitt liv eller skriver om hur hon m\u00e5r, utan hon h\u00e5ller sitt privatliv utanf\u00f6r.<\/p>\n<p>Att ha bra bilder \u00e4r mycket viktigt. D\u00e4rf\u00f6r \u00e4ger Joanna en systemkamera. Hon\u00a0vill\u00a0ocks\u00e5 ha r\u00e4tt vinkel och se bra och g\u00e4rna slank ut p\u00e5 bilderna. Det \u00e4r r\u00e4tt mycket att t\u00e4nka p\u00e5.<\/p>\n<p>Vi pratar om ansvaret som bloggare har och om att vara\/bli en reklampelare. Som bloggare kan man l\u00e4tt bli en reklampelare s\u00e4ger Joanna. Det skapas trender och bloggare kan g\u00f6ra dem st\u00f6rre, med m\u00e5nga l\u00e4sare som beundrar en och tittar in p\u00e5 ens blogg just pga. vad man som bloggare har p\u00e5 sig.\u00a0Joanna f\u00f6rs\u00f6ker ha sin egen stil och inte vara en slav under trender, hon vill inspirera.<\/p>\n<p>Samtidigt som en bloggare l\u00e4tt kan bli en reklampelare vill man ocks\u00e5 kunna st\u00e5 f\u00f6r vad man skriver och visar ut\u00e5t. Joanna f\u00e5r m\u00e5nga erbjudanden fr\u00e5n f\u00f6retag som vill att hon ska testa deras produkter och skriva om det i bloggen. Som tack f\u00e5r man x antal av det f\u00f6retagets produkter. Hon har f\u00e5tt erbjudande om viktnedg\u00e5ngs hj\u00e4lpmedel och liknande men det vill Joanna inte st\u00e5 f\u00f6r. \u00a0Det kan vara sv\u00e5rt att veta vad man kan ska publicera \u00f6ver huvud taget.<\/p>\n<p>&#8211;\u00a0\u00a0\u00a0\u00a0\u00a0\u00a0\u00a0\u00a0\u00a0 <em>\u201dDet \u00e4r en h\u00e5rfin linje vad man kan publicera eller inte. Om det \u00e4r n\u00e5got k\u00e4nsligt, f\u00e5r man direkt fler\u00a0kommentarer. Det blir m\u00e5nga avundsjuka kommentarer om man tex. k\u00f6pt en lite dyrare v\u00e4ska\u201d<\/em><\/p>\n<p>Utifr\u00e5n bloggen pratar vi ocks\u00e5 om Joannas medverkan i Stylisterna. Vilket enligt henne var b\u00f6rjan p\u00e5 det livet som passar henne. Under Stylisterna fick deltagarna g\u00e5 i Helen Falks stylistskola. Helen som var en av domarna i serien \u00e4r nu Joannas jobbkollega. Joanna arbetar\u00a0som frilansande stylist och har ett eget f\u00f6retag. Det \u00e4r h\u00e5rt arbete och inget nio till fem jobb. \u201d<em>Men jag f\u00e5r g\u00f6ra det jag \u00e4lskar och vill g\u00f6ra\u201d <\/em>s\u00e4ger Joanna<em>. <\/em><\/p>\n<p>N\u00e4r jag fr\u00e5gar Joanna om de sociala mediernas framtid svarar hon att de kommer g\u00f6ra framsteg, och att de redan gjort det. F\u00f6rut sponsrade m\u00e5nga f\u00f6retag TV shower och liknande, men nu har det ocks\u00e5 \u00f6verg\u00e5tt till bloggare. Det \u00e4r ju internet som styr och varenda kotte \u00e4ger n\u00e4stan en iPhone. Allt finns p\u00e5 n\u00e4tet och den median hon n\u00e4mner som hon tror kommer v\u00e4xa \u00e4r Twitter.<\/p>\n<p>Vi sitter och lunchar i n\u00e4stan en timme. Joanna har en blommig transparantblus och vita byxor. Innan vi s\u00e4ger hejd\u00e5 tar jag en bild p\u00e5 henne ute i solen till min hemsida. Hon fr\u00e5gar om jag kan ta en dagens outfit bild med hennes kamera ocks\u00e5. Livet som modebloggare\u2026<\/p>\n","protected":false},"excerpt":{"rendered":"<p>M\u00f6ter Joanna kl. 12 p\u00e5 fredagen, Sturegallerian, Le Caf\u00e9. Vi k\u00e4kar lunch, jag bjuder. P\u00e5 bordet d\u00e4r vi best\u00e4mmer oss f\u00f6r att sitta, st\u00e4ller vi ner en varsin sallad och Loka. Joanna har en liten annan relation till varf\u00f6r hon &hellip; <a href=\"https:\/\/larzzon.net\/?page_id=41\">Continue reading <span class=\"meta-nav\">&rarr;<\/span><\/a><\/p>\n","protected":false},"author":1,"featured_media":0,"parent":14,"menu_order":0,"comment_status":"closed","ping_status":"closed","template":"","meta":[],"_links":{"self":[{"href":"https:\/\/larzzon.net\/index.php?rest_route=\/wp\/v2\/pages\/41"}],"collection":[{"href":"https:\/\/larzzon.net\/index.php?rest_route=\/wp\/v2\/pages"}],"about":[{"href":"https:\/\/larzzon.net\/index.php?rest_route=\/wp\/v2\/types\/page"}],"author":[{"embeddable":true,"href":"https:\/\/larzzon.net\/index.php?rest_route=\/wp\/v2\/users\/1"}],"replies":[{"embeddable":true,"href":"https:\/\/larzzon.net\/index.php?rest_route=%2Fwp%2Fv2%2Fcomments&post=41"}],"version-history":[{"count":5,"href":"https:\/\/larzzon.net\/index.php?rest_route=\/wp\/v2\/pages\/41\/revisions"}],"predecessor-version":[{"id":120,"href":"https:\/\/larzzon.net\/index.php?rest_route=\/wp\/v2\/pages\/41\/revisions\/120"}],"up":[{"embeddable":true,"href":"https:\/\/larzzon.net\/index.php?rest_route=\/wp\/v2\/pages\/14"}],"wp:attachment":[{"href":"https:\/\/larzzon.net\/index.php?rest_route=%2Fwp%2Fv2%2Fmedia&parent=41"}],"curies":[{"name":"wp","href":"https:\/\/api.w.org\/{rel}","templated":true}]}}