{"id":47,"date":"2012-04-17T21:59:04","date_gmt":"2012-04-17T19:59:04","guid":{"rendered":"http:\/\/larzzon.net\/?page_id=47"},"modified":"2012-05-09T21:49:23","modified_gmt":"2012-05-09T19:49:23","slug":"mathilda","status":"publish","type":"page","link":"https:\/\/larzzon.net\/?page_id=47","title":{"rendered":"Mathilda Fingal"},"content":{"rendered":"<p>Mathilda bor p\u00e5 andra breddgrader \u00e4n oss h\u00e4r hemma i kalla Sverige. D\u00e4rf\u00f6r har vi f\u00e5tt sk\u00f6tt \u201dintervjuandet\u201d via mejl. Grekland \u00e4r landet som hon lever sitt liv i. Fr\u00e5n b\u00f6rjan \u00e4r Thilda, som hon kallas fr\u00e5n J\u00f6nk\u00f6ping. Hon startade bloggen f\u00f6r att hennes n\u00e4ra &amp; k\u00e4ra i Sverige skulle kunna f\u00f6lja med henne i Grekland och h\u00e5lla dem uppdaterade. Mest p\u00e5 skoj men bloggen har vuxit sig stor.\u00a0Enligt Thilda blir det bara roligare och roligare att blogga, eftersom fler\u00a0m\u00e4nniskor f\u00f6ljer och uppskattar vad man g\u00f6r och skriver. En bra egoboost s\u00e5 att s\u00e4ga. Men det \u00e4r inte bara guld och gr\u00f6na skogar. Thilda skriver till mig att hon varit n\u00e4ra att l\u00e4gga ner bloggen pga. negativa kommentarer och liknande. Folk som \u00e4r anonyma och inte v\u00e5gar st\u00e5 f\u00f6r sin sak. D\u00e4rf\u00f6r m\u00e5ste man som bloggare ha skinn p\u00e5 n\u00e4san och s\u00e5klart brinna f\u00f6r det man g\u00f6r! Och brinner det g\u00f6r Thilda, det \u00e4r f\u00f6rbaskat kul skriver hon.<\/p>\n<p>Bloggen ger s\u00e5 mycket. Thilda f\u00e5r n\u00e5 ut och sprida \u00e5sikter och tankar, vilket har en stor betydelse i dagens samh\u00e4lle! Men f\u00f6rst och fr\u00e4mst ger hennes l\u00e4sare henne mest. Det k\u00e4nns som de alla \u00e4r n\u00e4ra v\u00e4nner till henne fast de aldrig tr\u00e4ffats! Bloggen har inte alls p\u00e5verkat hennes liv negativt. Kanske beror det p\u00e5 att hon inte heller l\u00e4mnar ut s\u00e5 mycket om sitt privata liv i bloggen. Det \u00e4r s\u00e5 hon\u00a0vill ha det och s\u00e5 kommer det att\u00a0forts\u00e4tta vara.<\/p>\n<p>Erbjudanden kom n\u00e4r bloggen v\u00e4xte och\u00a0den v\u00e4xte fort! Idag ramlar det in erbjudanden st\u00e4ndigt, bloggportaler som vill ha \u00f6ver Thilda till deras portal tex. just nu bloggar Thilda p\u00e5 solomag.se och trivs v\u00e4ldigt bra!\u00a0Hon hintar i mejlet hon skickat till mig att inom en snar framtid kanske n\u00e5got hon hoppats p\u00e5 kommer att h\u00e4nda! Sp\u00e4nnande om jag f\u00e5r s\u00e4ga det sj\u00e4lv. Hon skriver \u00e4ven att hon designat en egen t-shirt och tygv\u00e4ska. <strong><\/strong><\/p>\n<p><strong><\/strong>N\u00e4r jag l\u00e4ser mejlet fr\u00e5n Thilda blir jag v\u00e4ldigt glad och upprymd \u00f6ver att hon verkar vara en s\u00e5dan glad och upp\u00e5t m\u00e4nniska! Hon skriver att hennes motto \u00e4r \u201dDon\u00b4t dream your life, live your dream\u201d.\u00a0Och hur dr\u00f6mskt l\u00e5ter det inte att bo fint i varma Grekland?<\/p>\n<p>Fr\u00e5n Grekland till bloggen och dess p\u00e5verkan. Enligt Thilda har bloggare en enorm makt(dock ogillar hon ordet makt). Hon k\u00e4nner det sj\u00e4lv att hon kan p\u00e5verka och att folk verkligen (oftast) lyssnar. Hon gillar att fr\u00e5ga saker till blogg l\u00e4sarna och p\u00e5 s\u00e5 vis skapa en dialog.<\/p>\n<p>Ett praktiskt exempel var n\u00e4r Thilda k\u00f6pt ett linne p\u00e5 Vero Moda i J\u00f6nk\u00f6ping. Hon la upp en dagens outfit p\u00e5 bloggen. Dagen efter hade butiken s\u00e5lt slut p\u00e5 alla linnen.<\/p>\n<p>Det \u00e4r inte bara hon som kan p\u00e5verka utan storbloggare \u00f6verlag har stor p\u00e5verkan p\u00e5 vad som s\u00e4ljs och inte s\u00e4ljs. Thilda sj\u00e4lv k\u00f6per kl\u00e4der b\u00e5de fr\u00e5n Grekland och Sverige vilket g\u00f6r att hennes l\u00e4sare som b\u00e5de kommer fr\u00e5n just Grekland och Sverige f\u00e5r upp \u00f6gonen f\u00f6r nya m\u00e4rken och trender.<\/p>\n<p>F\u00f6retag g\u00e5r plus med hj\u00e4lp av bloggare, eller kanske till och med minus om det f\u00e5r negativa kommentarer fr\u00e5n flera storbloggare.<\/p>\n<p>Dessutom \u00e4r det\u00a0m\u00e5nga modebloggare som sitter p\u00e5 front row p\u00e5 modevisningar nu och inte endast\u00a0m\u00e4nniskor som arbetar\u00a0p\u00e5 tidningar och med design.<\/p>\n<p>Thilda har s\u00e5 r\u00e4tt. Jag t\u00e4nker att bloggare \u00e4r ju egentligen alltiallo arbetare. De skriver vilket blir en slags journalistik och de designar kl\u00e4der f\u00f6r olika varum\u00e4rken f\u00f6r\u00a0att klara detta, samt att kunna ta emot olika respons kr\u00e4vs det en kreativ och allsidig m\u00e4nniska. Och Thilda som mitt i allt ocks\u00e5 precis blivit mamma. Riktigt coolt.<\/p>\n","protected":false},"excerpt":{"rendered":"<p>Mathilda bor p\u00e5 andra breddgrader \u00e4n oss h\u00e4r hemma i kalla Sverige. D\u00e4rf\u00f6r har vi f\u00e5tt sk\u00f6tt \u201dintervjuandet\u201d via mejl. Grekland \u00e4r landet som hon lever sitt liv i. Fr\u00e5n b\u00f6rjan \u00e4r Thilda, som hon kallas fr\u00e5n J\u00f6nk\u00f6ping. Hon startade &hellip; <a href=\"https:\/\/larzzon.net\/?page_id=47\">Continue reading <span class=\"meta-nav\">&rarr;<\/span><\/a><\/p>\n","protected":false},"author":1,"featured_media":0,"parent":14,"menu_order":0,"comment_status":"closed","ping_status":"closed","template":"","meta":[],"_links":{"self":[{"href":"https:\/\/larzzon.net\/index.php?rest_route=\/wp\/v2\/pages\/47"}],"collection":[{"href":"https:\/\/larzzon.net\/index.php?rest_route=\/wp\/v2\/pages"}],"about":[{"href":"https:\/\/larzzon.net\/index.php?rest_route=\/wp\/v2\/types\/page"}],"author":[{"embeddable":true,"href":"https:\/\/larzzon.net\/index.php?rest_route=\/wp\/v2\/users\/1"}],"replies":[{"embeddable":true,"href":"https:\/\/larzzon.net\/index.php?rest_route=%2Fwp%2Fv2%2Fcomments&post=47"}],"version-history":[{"count":5,"href":"https:\/\/larzzon.net\/index.php?rest_route=\/wp\/v2\/pages\/47\/revisions"}],"predecessor-version":[{"id":49,"href":"https:\/\/larzzon.net\/index.php?rest_route=\/wp\/v2\/pages\/47\/revisions\/49"}],"up":[{"embeddable":true,"href":"https:\/\/larzzon.net\/index.php?rest_route=\/wp\/v2\/pages\/14"}],"wp:attachment":[{"href":"https:\/\/larzzon.net\/index.php?rest_route=%2Fwp%2Fv2%2Fmedia&parent=47"}],"curies":[{"name":"wp","href":"https:\/\/api.w.org\/{rel}","templated":true}]}}