{"id":61,"date":"2012-04-17T22:36:11","date_gmt":"2012-04-17T20:36:11","guid":{"rendered":"http:\/\/larzzon.net\/?page_id=61"},"modified":"2012-05-09T22:02:08","modified_gmt":"2012-05-09T20:02:08","slug":"amanda","status":"publish","type":"page","link":"https:\/\/larzzon.net\/?page_id=61","title":{"rendered":"Amanda Kry"},"content":{"rendered":"<p>&nbsp;<\/p>\n<p>Amanda \u00e4r mitt sista intervjuobjekt. Hon skiljer sig fr\u00e5n de andra jag intervjuat. F\u00f6r det f\u00f6rsta \u00e4r Amanda min b\u00e4sta v\u00e4n. Men hon skiljer sig ocks\u00e5 ut fr\u00e5n de andra f\u00f6r att Amanda st\u00e5r p\u00e5 andra sidan av denna v\u00e4rld av mode, som mottagare.<\/p>\n<p>Hon anv\u00e4nder sig av en hel del olika medier. Bloggar, Twitter, Instagram, WebTV och tidningar. Men hennes st\u00f6rsta konsumtion \u00e4r bloggar. 47 stycken per dag. Vissa av de bloggarna tittar hon till upp till 3 ggr per dag. Men vissa bara en g\u00e5ng. Hon har sina favoriter, men det g\u00e5r i v\u00e5gor.<\/p>\n<p>Om att konsumera bloggar s\u00e4ger hon s\u00e5h\u00e4r:<br \/>\n-\u201d<em>Det \u00e4r ett bekv\u00e4mt s\u00e4tt att f\u00e5 information, bli inspirerad och hitta kl\u00e4der och s\u00e5dant. Det \u00e4r bra f\u00f6r det \u00e4r gratis, enklare och man f\u00e5r det mer oftare och mer uppdaterat. Det som ocks\u00e5 \u00e4r bra att en blogg \u00e4r mer special designat efter min egen stil, eftersom jag v\u00e4ljer sj\u00e4lv vad jag ska l\u00e4sa. Om jag l\u00e4ser t.ex. en tidning \u00e4r det en st\u00f6rre m\u00e5lgrupp som det ska n\u00e5 ut till och \u00e4r inte s\u00e5 nischat\u201d. <\/em><\/p>\n<p>Hon l\u00e4ser just de bloggar hon l\u00e4ser f\u00f6r att hon en g\u00e5ng bara hittat dem av en \u201dslump\u201d. Genom att klickat in p\u00e5 t.ex. Devote.se start sida och sedan klickat sig vidare. Sedan har hon enkelt fortsatt l\u00e4sa de bloggar som inspirerar henne. Hon l\u00e4ser b\u00e5de lite mer k\u00e4nda bloggare och de mindre k\u00e4nda. De\u00a0k\u00e4nda bloggarna har hon hittat till via andra medier t.ex. genom tidningar och sedan s\u00f6kt upp dem.<\/p>\n<p>Jag och Amanda brukar ofta snacka med varandra om bloggar i det vardagliga livet. Om kl\u00e4der vi sett. Vi talar\u00a0s\u00e4llan\u00a0om hur mycket jobb som ligger bakom en blogg. Jag fr\u00e5gar henne om hon funderat p\u00e5 det.<\/p>\n<p>Hon s\u00e4ger att hon inte riktigt t\u00e4nk p\u00e5 det. Andra medier \u00e4r det mer sj\u00e4lvklart att det ligger mycket jobb bakom tex en tidsskrift.\u00a0Men n\u00e4r man t\u00e4nker efter \u00e4r det nog mycket jobb f\u00f6r bloggare ocks\u00e5, med outfitbilder och f\u00e5 ihop\u00a0bra texter. \u00a0Dock till\u00e4gger hon att hon s\u00e4llan bryr sig s\u00e5 mycket om texten utan mest skuml\u00e4ser igenom den f\u00f6r att sedan scrolla vidare.<\/p>\n<p>Det \u00e4r bilderna som \u00e4r i fokus n\u00e4r man l\u00e4ser modebloggar. Amanda sparar bilder som inspiration. Hon visar mig sedan direkt en bild hon sparat. N\u00e5got vi b\u00e5da tycker \u00e4r snyggt, typiskt oss. Vi har f\u00f6rm\u00e5gan att tycka om samma kl\u00e4der.<\/p>\n<p>Med de bloggare jag intervjuat fr\u00e5gade jag om \u201dreklampelar rollen\u201d och d\u00e4rf\u00f6r nyfiken p\u00e5 om Amanda ser personen eller kl\u00e4derna. Lite f\u00f6rv\u00e5nansv\u00e4rt svarar hon, personen. F\u00f6r det \u00e4r personen hon gillar och\u00a0det \u00e4r \u00e4nd\u00e5 de som skriver och hon l\u00e4ser de bloggar som liknar hennes eget liv.<\/p>\n<p>\u2013 \u201dMen jag l\u00e4ser inte de F\u00d6R deras liv utan f\u00f6r deras stil och de g\u00f6r att man gillar dem. Det blir ett paket \u201d<\/p>\n<p>Amanda har sj\u00e4lv\u00a0t\u00e4nkt starta en blogg flera g\u00e5nger. Men har insett att hon inte har tid att f\u00e5 hop det med vardagen. Det kr\u00e4vs \u00e4nd\u00e5 mycket. Det p\u00e5verkar ocks\u00e5 mycket vart man bor. Det blir sv\u00e5rare p\u00e5 ett litet st\u00e4lle.<\/p>\n<p>Sist men inte minst innan Amanda ska \u00e5ka hem fr\u00e5gar jag om framtiden f\u00f6r de sociala medierna. Hon tror det kommer bli mycket mer. Tidningarna kommer alltid finnas. Dock inte lika mycket i pappersform utan man kommer k\u00f6pa sina tidningar mer p\u00e5 t.ex. iPaden. Sedan tror hon p\u00e5 Instagram. Det \u00e4r ett l\u00e4tt s\u00e4tt att uttrycka sig och kr\u00e4ver inte lika mycket som ett blogginl\u00e4gg g\u00f6r.<\/p>\n<p>Det blir oftare. Men f\u00f6r mycket uppdatering blir inte heller bra. Det \u00e4r n\u00e4stan drygt med de som uppdaterar f\u00f6r mycket. F\u00f6r om man inte l\u00e4st p\u00e5 n\u00e5gra dagar ligger man \u201defter\u201d och det blir bara jobbigt.<\/p>\n<p>S\u00e5 sammantaget gillar Amanda inte l\u00e5nga texter eller f\u00f6r mycket uppdatering. Minimalistik layout och en bild, inte s\u00e5 mycket text \u00e4r Amandas melodi.<\/p>\n","protected":false},"excerpt":{"rendered":"<p>&nbsp; Amanda \u00e4r mitt sista intervjuobjekt. Hon skiljer sig fr\u00e5n de andra jag intervjuat. F\u00f6r det f\u00f6rsta \u00e4r Amanda min b\u00e4sta v\u00e4n. Men hon skiljer sig ocks\u00e5 ut fr\u00e5n de andra f\u00f6r att Amanda st\u00e5r p\u00e5 andra sidan av denna &hellip; <a href=\"https:\/\/larzzon.net\/?page_id=61\">Continue reading <span class=\"meta-nav\">&rarr;<\/span><\/a><\/p>\n","protected":false},"author":1,"featured_media":0,"parent":14,"menu_order":0,"comment_status":"closed","ping_status":"closed","template":"","meta":[],"_links":{"self":[{"href":"https:\/\/larzzon.net\/index.php?rest_route=\/wp\/v2\/pages\/61"}],"collection":[{"href":"https:\/\/larzzon.net\/index.php?rest_route=\/wp\/v2\/pages"}],"about":[{"href":"https:\/\/larzzon.net\/index.php?rest_route=\/wp\/v2\/types\/page"}],"author":[{"embeddable":true,"href":"https:\/\/larzzon.net\/index.php?rest_route=\/wp\/v2\/users\/1"}],"replies":[{"embeddable":true,"href":"https:\/\/larzzon.net\/index.php?rest_route=%2Fwp%2Fv2%2Fcomments&post=61"}],"version-history":[{"count":5,"href":"https:\/\/larzzon.net\/index.php?rest_route=\/wp\/v2\/pages\/61\/revisions"}],"predecessor-version":[{"id":63,"href":"https:\/\/larzzon.net\/index.php?rest_route=\/wp\/v2\/pages\/61\/revisions\/63"}],"up":[{"embeddable":true,"href":"https:\/\/larzzon.net\/index.php?rest_route=\/wp\/v2\/pages\/14"}],"wp:attachment":[{"href":"https:\/\/larzzon.net\/index.php?rest_route=%2Fwp%2Fv2%2Fmedia&parent=61"}],"curies":[{"name":"wp","href":"https:\/\/api.w.org\/{rel}","templated":true}]}}