{"id":76,"date":"2012-04-18T20:00:09","date_gmt":"2012-04-18T18:00:09","guid":{"rendered":"http:\/\/larzzon.net\/?page_id=76"},"modified":"2012-05-09T22:19:06","modified_gmt":"2012-05-09T20:19:06","slug":"insandare","status":"publish","type":"page","link":"https:\/\/larzzon.net\/?page_id=76","title":{"rendered":"Ins\u00e4ndare"},"content":{"rendered":"<p>Man bl\u00e4ddrar p\u00e5 iPads och iPhones. Bloggare sitter p\u00e5 front row med datorerna i h\u00f6gsta hugg. Det postas snabbt och\u00a0visst det \u00e4r en f\u00f6rdel att det \u00e4r effektivt och snabbt. Jag kan dock\u00a0sakna\u00a0krispiga tidningsblad som kommer p\u00e5 posten. D\u00e4r varje rad lusl\u00e4ses. Jag \u00e4lskar bloggv\u00e4rlden och allt som har med internet att g\u00f6ra, men jag bl\u00e4ddrar hellre sida p\u00e5 min ELLE \u00e4n bara skrollar ner med en fingertopp p\u00e5 min iPhone. Sn\u00e4lla l\u00e5t inte internet utrota pappersformatet.<\/p>\n","protected":false},"excerpt":{"rendered":"<p>Man bl\u00e4ddrar p\u00e5 iPads och iPhones. Bloggare sitter p\u00e5 front row med datorerna i h\u00f6gsta hugg. Det postas snabbt och\u00a0visst det \u00e4r en f\u00f6rdel att det \u00e4r effektivt och snabbt. Jag kan dock\u00a0sakna\u00a0krispiga tidningsblad som kommer p\u00e5 posten. D\u00e4r varje &hellip; <a href=\"https:\/\/larzzon.net\/?page_id=76\">Continue reading <span class=\"meta-nav\">&rarr;<\/span><\/a><\/p>\n","protected":false},"author":1,"featured_media":0,"parent":20,"menu_order":0,"comment_status":"closed","ping_status":"closed","template":"","meta":[],"_links":{"self":[{"href":"https:\/\/larzzon.net\/index.php?rest_route=\/wp\/v2\/pages\/76"}],"collection":[{"href":"https:\/\/larzzon.net\/index.php?rest_route=\/wp\/v2\/pages"}],"about":[{"href":"https:\/\/larzzon.net\/index.php?rest_route=\/wp\/v2\/types\/page"}],"author":[{"embeddable":true,"href":"https:\/\/larzzon.net\/index.php?rest_route=\/wp\/v2\/users\/1"}],"replies":[{"embeddable":true,"href":"https:\/\/larzzon.net\/index.php?rest_route=%2Fwp%2Fv2%2Fcomments&post=76"}],"version-history":[{"count":3,"href":"https:\/\/larzzon.net\/index.php?rest_route=\/wp\/v2\/pages\/76\/revisions"}],"predecessor-version":[{"id":78,"href":"https:\/\/larzzon.net\/index.php?rest_route=\/wp\/v2\/pages\/76\/revisions\/78"}],"up":[{"embeddable":true,"href":"https:\/\/larzzon.net\/index.php?rest_route=\/wp\/v2\/pages\/20"}],"wp:attachment":[{"href":"https:\/\/larzzon.net\/index.php?rest_route=%2Fwp%2Fv2%2Fmedia&parent=76"}],"curies":[{"name":"wp","href":"https:\/\/api.w.org\/{rel}","templated":true}]}}