{"id":79,"date":"2012-04-18T21:38:56","date_gmt":"2012-04-18T19:38:56","guid":{"rendered":"http:\/\/larzzon.net\/?page_id=79"},"modified":"2012-04-18T21:38:56","modified_gmt":"2012-04-18T19:38:56","slug":"debattartikel","status":"publish","type":"page","link":"https:\/\/larzzon.net\/?page_id=79","title":{"rendered":"Debattartikel"},"content":{"rendered":"<p><strong>Hur vi ska skapa jobb f\u00f6r ett snabbv\u00e4xande samh\u00e4lle.<\/strong><\/p>\n<p>Idag har vi ett samh\u00e4lle som g\u00e5r fort fram, tekniken \u00e4nnu fortare. D\u00e4rf\u00f6r borde v\u00e5rt samh\u00e4lle som \u00e4r fullt av arbetsl\u00f6shet m\u00f6ta denna tekniska utveckling med \u00f6ppna armar. Precis som att milj\u00f6politiken kan skapa jobb, kan \u00e4ven tekniken det.<\/p>\n<p>Fr\u00e4mst ungdomar blir mer och mer insatta i internetsv\u00e4rld. F\u00f6r det \u00e4r d\u00e4r en stor del av deras liv ligger. Utnyttja detta till fullo och g\u00f6r arbetsl\u00f6sa datorintresserad till tex. webbansvariga. Det ska inte beh\u00f6vas \u00e5r av utbildning f\u00f6r att bli en webbdesigner, om intresset och kunnigheten finns. Arbetstest borde bli vanligare. Vi beh\u00f6ver en utveckling inom arbetsmarknaden och tekniken som redan i sig \u00e4r utvecklad kan hj\u00e4lpa till.<\/p>\n","protected":false},"excerpt":{"rendered":"<p>Hur vi ska skapa jobb f\u00f6r ett snabbv\u00e4xande samh\u00e4lle. Idag har vi ett samh\u00e4lle som g\u00e5r fort fram, tekniken \u00e4nnu fortare. D\u00e4rf\u00f6r borde v\u00e5rt samh\u00e4lle som \u00e4r fullt av arbetsl\u00f6shet m\u00f6ta denna tekniska utveckling med \u00f6ppna armar. Precis som att &hellip; <a href=\"https:\/\/larzzon.net\/?page_id=79\">Continue reading <span class=\"meta-nav\">&rarr;<\/span><\/a><\/p>\n","protected":false},"author":1,"featured_media":0,"parent":20,"menu_order":0,"comment_status":"closed","ping_status":"closed","template":"","meta":[],"_links":{"self":[{"href":"https:\/\/larzzon.net\/index.php?rest_route=\/wp\/v2\/pages\/79"}],"collection":[{"href":"https:\/\/larzzon.net\/index.php?rest_route=\/wp\/v2\/pages"}],"about":[{"href":"https:\/\/larzzon.net\/index.php?rest_route=\/wp\/v2\/types\/page"}],"author":[{"embeddable":true,"href":"https:\/\/larzzon.net\/index.php?rest_route=\/wp\/v2\/users\/1"}],"replies":[{"embeddable":true,"href":"https:\/\/larzzon.net\/index.php?rest_route=%2Fwp%2Fv2%2Fcomments&post=79"}],"version-history":[{"count":2,"href":"https:\/\/larzzon.net\/index.php?rest_route=\/wp\/v2\/pages\/79\/revisions"}],"predecessor-version":[{"id":81,"href":"https:\/\/larzzon.net\/index.php?rest_route=\/wp\/v2\/pages\/79\/revisions\/81"}],"up":[{"embeddable":true,"href":"https:\/\/larzzon.net\/index.php?rest_route=\/wp\/v2\/pages\/20"}],"wp:attachment":[{"href":"https:\/\/larzzon.net\/index.php?rest_route=%2Fwp%2Fv2%2Fmedia&parent=79"}],"curies":[{"name":"wp","href":"https:\/\/api.w.org\/{rel}","templated":true}]}}