{"id":98,"date":"2012-04-18T23:05:04","date_gmt":"2012-04-18T21:05:04","guid":{"rendered":"http:\/\/larzzon.net\/?page_id=98"},"modified":"2012-05-09T22:17:15","modified_gmt":"2012-05-09T20:17:15","slug":"drommar","status":"publish","type":"page","link":"https:\/\/larzzon.net\/?page_id=98","title":{"rendered":"Dr\u00f6mmar"},"content":{"rendered":"<p>Jag dr\u00f6mmer om fladdriga kostymbyxor i vitt. Med pumps som sticker fram bakom vita tyget.\u00a0I handen b\u00e4r jag en klassisk Zarav\u00e4ska i skinn. Ett linne med spaghettiband vilar p\u00e5 mina axlar. Det \u00e4r sommar och jag \u00f6ppnar kuvertet fr\u00e5n antagning.se. Min framtid i ett kuvert. Drar inte ut p\u00e5 tiden, utan river upp det. N\u00e4stan intill panikartat. Viker upp pappret\u2026.<\/p>\n<p><strong>Antagen<\/strong>.<\/p>\n<p>Skratt, gr\u00e5t och gl\u00e4djeskutt. Allt i en stor h\u00e4rlig blandad massa. Telefonsamtalet till mormor det f\u00f6rsta jag g\u00f6r, sms till b\u00e4sta v\u00e4nnen. Inte minst Twittra om det. Sk\u00e4mt \u00e5sido.<\/p>\n<p>En enorm lycka som n\u00e4rmar sig, en lika stor r\u00e4dsla.<\/p>\n<p>Bli vuxen, v\u00e4xa i veckohandlingsskorna och egenlagad mat.<br \/>\nVill v\u00e4xa till mig i en omgivning som bjuder p\u00e5 kreativitet och k\u00e4rlek f\u00f6r de skrivna orden. Helst ikl\u00e4dd min vita skinnv\u00e4st och en bra sj\u00e4lvk\u00e4nsla.<\/p>\n<p>Mediekommunikationsprogrammet \u2013 jag dr\u00f6mmer om dig.<br \/>\n\u00d6nskedr\u00f6mmen.<\/p>\n","protected":false},"excerpt":{"rendered":"<p>Jag dr\u00f6mmer om fladdriga kostymbyxor i vitt. Med pumps som sticker fram bakom vita tyget.\u00a0I handen b\u00e4r jag en klassisk Zarav\u00e4ska i skinn. Ett linne med spaghettiband vilar p\u00e5 mina axlar. Det \u00e4r sommar och jag \u00f6ppnar kuvertet fr\u00e5n antagning.se. &hellip; <a href=\"https:\/\/larzzon.net\/?page_id=98\">Continue reading <span class=\"meta-nav\">&rarr;<\/span><\/a><\/p>\n","protected":false},"author":1,"featured_media":0,"parent":20,"menu_order":0,"comment_status":"closed","ping_status":"closed","template":"","meta":[],"_links":{"self":[{"href":"https:\/\/larzzon.net\/index.php?rest_route=\/wp\/v2\/pages\/98"}],"collection":[{"href":"https:\/\/larzzon.net\/index.php?rest_route=\/wp\/v2\/pages"}],"about":[{"href":"https:\/\/larzzon.net\/index.php?rest_route=\/wp\/v2\/types\/page"}],"author":[{"embeddable":true,"href":"https:\/\/larzzon.net\/index.php?rest_route=\/wp\/v2\/users\/1"}],"replies":[{"embeddable":true,"href":"https:\/\/larzzon.net\/index.php?rest_route=%2Fwp%2Fv2%2Fcomments&post=98"}],"version-history":[{"count":7,"href":"https:\/\/larzzon.net\/index.php?rest_route=\/wp\/v2\/pages\/98\/revisions"}],"predecessor-version":[{"id":129,"href":"https:\/\/larzzon.net\/index.php?rest_route=\/wp\/v2\/pages\/98\/revisions\/129"}],"up":[{"embeddable":true,"href":"https:\/\/larzzon.net\/index.php?rest_route=\/wp\/v2\/pages\/20"}],"wp:attachment":[{"href":"https:\/\/larzzon.net\/index.php?rest_route=%2Fwp%2Fv2%2Fmedia&parent=98"}],"curies":[{"name":"wp","href":"https:\/\/api.w.org\/{rel}","templated":true}]}}